{"id":705,"date":"2024-05-31T12:56:22","date_gmt":"2024-05-31T12:56:22","guid":{"rendered":"https:\/\/www.aetsoft.com\/?page_id=705"},"modified":"2024-06-17T10:33:03","modified_gmt":"2024-06-17T10:33:03","slug":"references","status":"publish","type":"page","link":"https:\/\/www.aetsoft.com\/?page_id=705","title":{"rendered":"References"},"content":{"rendered":"\n<div class=\"wp-block-uagb-container uag-blocks-common-selector uagb-block-6bf0f350 alignfull uagb-is-root-container\"><div class=\"uagb-container-inner-blocks-wrap\">\n<div class=\"wp-block-uagb-container uagb-block-60d5ef8c\">\n<div class=\"wp-block-uagb-advanced-heading uagb-block-798360a9\"><h1 class=\"uagb-heading-text\">References<\/h1><\/div>\n<\/div>\n\n\n\n<div class=\"wp-block-uagb-container uagb-block-49bb4fca\">\n<div class=\"wp-block-uagb-image uagb-block-f20f825f wp-block-uagb-image--layout-default wp-block-uagb-image--effect-static wp-block-uagb-image--align-none\"><figure class=\"wp-block-uagb-image__figure\"><img decoding=\"async\" srcset=\"https:\/\/www.aetsoft.com\/wp-content\/uploads\/2024\/06\/checklist-1919328_1920-1024x753.png ,https:\/\/www.aetsoft.com\/wp-content\/uploads\/2024\/06\/checklist-1919328_1920.png 780w, https:\/\/www.aetsoft.com\/wp-content\/uploads\/2024\/06\/checklist-1919328_1920.png 360w\" sizes=\"auto, (max-width: 480px) 150px\" src=\"https:\/\/www.aetsoft.com\/wp-content\/uploads\/2024\/06\/checklist-1919328_1920-1024x753.png\" alt=\"\" class=\"uag-image-937\" width=\"510\" height=\"341\" title=\"checklist-1919328_1920\" loading=\"lazy\" role=\"img\"\/><\/figure><\/div>\n<\/div>\n<\/div><\/div>\n\n\n\n<div class=\"wp-block-uagb-container uag-blocks-common-selector uagb-block-dba6041f alignfull uagb-is-root-container\"><div class=\"uagb-container-inner-blocks-wrap\">\n<div class=\"wp-block-uagb-advanced-heading uagb-block-bc37cd3c\"><h3 class=\"uagb-heading-text\">TEKFEN CONSTRUCTION<\/h3><\/div>\n\n\n\n<p><strong>Tolga K\u00dc\u00c7\u00dcKAV\u015eAR<\/strong><br>Deputy General Manager<\/p>\n\n\n\n<p><strong>Kenan POLAT<\/strong><br>Project Manager, Baku, AZERBAIJAN<\/p>\n\n\n\n<p><strong>Ahmet G\u00dcZELDA\u011e<\/strong><br>Business Manager, Baku, AZERBAIJAN<\/p>\n\n\n\n<p><strong>\u00d6zg\u00fcr YILDIZ<\/strong><br>Piping Manager, Baku, AZERBAIJAN<\/p>\n\n\n\n<p><strong>Abdullah ABAKU\u015e<\/strong><br>Engineering Manager, Baku, AZERBAIJAN<\/p>\n<\/div><\/div>\n\n\n\n<div class=\"wp-block-uagb-container uagb-block-42c3f5a0 alignfull uagb-is-root-container\"><div class=\"uagb-container-inner-blocks-wrap\">\n<div class=\"wp-block-uagb-advanced-heading uagb-block-63fcae28\"><h3 class=\"uagb-heading-text\">AZFEN JV.<\/h3><\/div>\n\n\n\n<p><strong>Aslan AL\u0130YEV<\/strong><br>Project Manager, Baku, AZERBAIJAN<\/p>\n\n\n\n<p><strong>\u0130lham RAHIMOV<\/strong><br>Construction Manager, Baku, AZERBAIJAN<\/p>\n\n\n\n<p><strong>Ilqar HASANOV<\/strong><br>Technical Office Manager, Baku, AZERBAIJAN<\/p>\n<\/div><\/div>\n\n\n\n<div class=\"wp-block-uagb-container uagb-block-fbf64ccf alignfull uagb-is-root-container\"><div class=\"uagb-container-inner-blocks-wrap\">\n<div class=\"wp-block-uagb-advanced-heading uagb-block-d6c07bf5\"><h3 class=\"uagb-heading-text\"><a href=\"https:\/\/www.woodplc.com\/\">Wood PLC<\/a>.<\/h3><\/div>\n\n\n\n<p><strong>Chris KIRK<\/strong><br>Caspian Director of Operations, Baku, AZERBAIJAN<\/p>\n\n\n\n<p><strong>Mick McKIE<\/strong><br>Structural Superintendent, Baku, AZERBAIJAN<\/p>\n<\/div><\/div>\n\n\n\n<div class=\"wp-block-uagb-container uagb-block-a800454b alignfull uagb-is-root-container\"><div class=\"uagb-container-inner-blocks-wrap\">\n<div class=\"wp-block-uagb-advanced-heading uagb-block-606ec4bd\"><h3 class=\"uagb-heading-text\">BP Exploration (Caspian Sea) Limited<\/h3><\/div>\n\n\n\n<p><strong>Joseph MCCULLOCH<\/strong><br>Contracts Lead, Baku, AZERBAIJAN<\/p>\n\n\n\n<p><strong>Chris BARNES<\/strong><br>Cost Lead, Baku, AZERBAIJAN<\/p>\n<\/div><\/div>\n\n\n\n<div class=\"wp-block-uagb-container uagb-block-6e2352ab alignfull uagb-is-root-container\"><div class=\"uagb-container-inner-blocks-wrap\">\n<div class=\"wp-block-uagb-advanced-heading uagb-block-2f949b6b\"><h3 class=\"uagb-heading-text\">ENKA CONSTRUCTION<\/h3><\/div>\n\n\n\n<p><strong>Hakan KOZAN<\/strong><br>Member of the Executive Committee<\/p>\n\n\n\n<p><strong>AKIN \u00d6ZG\u00dc\u00c7<\/strong><br>Business Manager, Tenghiz, KAZAKHSTAN<\/p>\n<\/div><\/div>\n\n\n\n<div class=\"wp-block-uagb-container uag-blocks-common-selector uagb-layout-flex uagb-block-87097184 alignfull uagb-is-root-container\">\n<p class=\"has-text-align-center has-medium-font-size\">Contact information will be provided upon request.<\/p>\n<\/div>\n","protected":false},"excerpt":{"rendered":"<p>References TEKFEN CONSTRUCTION Tolga K\u00dc\u00c7\u00dcKAV\u015eARDeputy General Manager Kenan POLATProject Manager, Baku, AZERBAIJAN Ahmet G\u00dcZELDA\u011eBusiness Manager, Baku, AZERBAIJAN \u00d6zg\u00fcr YILDIZPiping Manager, Baku, AZERBAIJAN Abdullah ABAKU\u015eEngineering Manager, Baku, AZERBAIJAN AZFEN JV. Aslan AL\u0130YEVProject Manager, Baku, AZERBAIJAN \u0130lham RAHIMOVConstruction Manager, Baku, AZERBAIJAN Ilqar HASANOVTechnical Office Manager, Baku, AZERBAIJAN Wood PLC. Chris KIRKCaspian Director of Operations, Baku, AZERBAIJAN Mick [&hellip;]<\/p>\n","protected":false},"author":1,"featured_media":0,"parent":0,"menu_order":0,"comment_status":"closed","ping_status":"closed","template":"","meta":{"_eb_attr":"","_uag_custom_page_level_css":"","site-sidebar-layout":"no-sidebar","site-content-layout":"plain-container","ast-site-content-layout":"normal-width-container","site-content-style":"unboxed","site-sidebar-style":"unboxed","ast-global-header-display":"","ast-banner-title-visibility":"","ast-main-header-display":"","ast-hfb-above-header-display":"","ast-hfb-below-header-display":"","ast-hfb-mobile-header-display":"","site-post-title":"disabled","ast-breadcrumbs-content":"","ast-featured-img":"","footer-sml-layout":"","ast-disable-related-posts":"","theme-transparent-header-meta":"default","adv-header-id-meta":"","stick-header-meta":"","header-above-stick-meta":"","header-main-stick-meta":"","header-below-stick-meta":"","astra-migrate-meta-layouts":"set","ast-page-background-enabled":"default","ast-page-background-meta":{"desktop":{"background-color":"var(--ast-global-color-4)","background-image":"","background-repeat":"repeat","background-position":"center center","background-size":"auto","background-attachment":"scroll","background-type":"","background-media":"","overlay-type":"","overlay-color":"","overlay-opacity":"","overlay-gradient":""},"tablet":{"background-color":"","background-image":"","background-repeat":"repeat","background-position":"center center","background-size":"auto","background-attachment":"scroll","background-type":"","background-media":"","overlay-type":"","overlay-color":"","overlay-opacity":"","overlay-gradient":""},"mobile":{"background-color":"","background-image":"","background-repeat":"repeat","background-position":"center center","background-size":"auto","background-attachment":"scroll","background-type":"","background-media":"","overlay-type":"","overlay-color":"","overlay-opacity":"","overlay-gradient":""}},"ast-content-background-meta":{"desktop":{"background-color":"var(--ast-global-color-5)","background-image":"","background-repeat":"repeat","background-position":"center center","background-size":"auto","background-attachment":"scroll","background-type":"","background-media":"","overlay-type":"","overlay-color":"","overlay-opacity":"","overlay-gradient":""},"tablet":{"background-color":"var(--ast-global-color-5)","background-image":"","background-repeat":"repeat","background-position":"center center","background-size":"auto","background-attachment":"scroll","background-type":"","background-media":"","overlay-type":"","overlay-color":"","overlay-opacity":"","overlay-gradient":""},"mobile":{"background-color":"var(--ast-global-color-5)","background-image":"","background-repeat":"repeat","background-position":"center center","background-size":"auto","background-attachment":"scroll","background-type":"","background-media":"","overlay-type":"","overlay-color":"","overlay-opacity":"","overlay-gradient":""}},"footnotes":""},"class_list":["post-705","page","type-page","status-publish","hentry"],"uagb_featured_image_src":{"full":false,"thumbnail":false,"medium":false,"medium_large":false,"large":false,"1536x1536":false,"2048x2048":false},"uagb_author_info":{"display_name":"turkerali","author_link":"https:\/\/www.aetsoft.com\/?author=1"},"uagb_comment_info":0,"uagb_excerpt":"References TEKFEN CONSTRUCTION Tolga K\u00dc\u00c7\u00dcKAV\u015eARDeputy General Manager Kenan POLATProject Manager, Baku, AZERBAIJAN Ahmet G\u00dcZELDA\u011eBusiness Manager, Baku, AZERBAIJAN \u00d6zg\u00fcr YILDIZPiping Manager, Baku, AZERBAIJAN Abdullah ABAKU\u015eEngineering Manager, Baku, AZERBAIJAN AZFEN JV. Aslan AL\u0130YEVProject Manager, Baku, AZERBAIJAN \u0130lham RAHIMOVConstruction Manager, Baku, AZERBAIJAN Ilqar HASANOVTechnical Office Manager, Baku, AZERBAIJAN Wood PLC. Chris KIRKCaspian Director of Operations, Baku, AZERBAIJAN Mick&hellip;","_links":{"self":[{"href":"https:\/\/www.aetsoft.com\/index.php?rest_route=\/wp\/v2\/pages\/705","targetHints":{"allow":["GET"]}}],"collection":[{"href":"https:\/\/www.aetsoft.com\/index.php?rest_route=\/wp\/v2\/pages"}],"about":[{"href":"https:\/\/www.aetsoft.com\/index.php?rest_route=\/wp\/v2\/types\/page"}],"author":[{"embeddable":true,"href":"https:\/\/www.aetsoft.com\/index.php?rest_route=\/wp\/v2\/users\/1"}],"replies":[{"embeddable":true,"href":"https:\/\/www.aetsoft.com\/index.php?rest_route=%2Fwp%2Fv2%2Fcomments&post=705"}],"version-history":[{"count":40,"href":"https:\/\/www.aetsoft.com\/index.php?rest_route=\/wp\/v2\/pages\/705\/revisions"}],"predecessor-version":[{"id":938,"href":"https:\/\/www.aetsoft.com\/index.php?rest_route=\/wp\/v2\/pages\/705\/revisions\/938"}],"wp:attachment":[{"href":"https:\/\/www.aetsoft.com\/index.php?rest_route=%2Fwp%2Fv2%2Fmedia&parent=705"}],"curies":[{"name":"wp","href":"https:\/\/api.w.org\/{rel}","templated":true}]}}