{"id":429,"date":"2024-05-22T19:11:11","date_gmt":"2024-05-22T19:11:11","guid":{"rendered":"https:\/\/www.aetsoft.com\/index.php\/home\/"},"modified":"2025-12-11T17:52:40","modified_gmt":"2025-12-11T14:52:40","slug":"home","status":"publish","type":"page","link":"https:\/\/www.aetsoft.com\/","title":{"rendered":"Home"},"content":{"rendered":"\n<div class=\"wp-block-uagb-container uagb-block-e5009013 alignfull uagb-is-root-container\"><div class=\"uagb-container-inner-blocks-wrap\">\n<div class=\"wp-block-uagb-advanced-heading uagb-block-ed8d04f0\"><h2 class=\"uagb-heading-text\">Take Control of Your Construction Projects:<\/h2><\/div>\n\n\n\n<div class=\"wp-block-uagb-image uagb-block-582e634a wp-block-uagb-image--layout-default wp-block-uagb-image--effect-static wp-block-uagb-image--align-none\"><figure class=\"wp-block-uagb-image__figure\"><img decoding=\"async\" srcset=\"https:\/\/www.aetsoft.com\/wp-content\/uploads\/2025\/08\/Epctools.png ,https:\/\/www.aetsoft.com\/wp-content\/uploads\/2025\/08\/Epctools.png 780w, https:\/\/www.aetsoft.com\/wp-content\/uploads\/2025\/08\/Epctools.png 360w\" sizes=\"auto, (max-width: 480px) 150px\" src=\"https:\/\/www.aetsoft.com\/wp-content\/uploads\/2025\/08\/Epctools.png\" alt=\"\" class=\"uag-image-989\" width=\"685\" height=\"131\" title=\"Epctools\" loading=\"lazy\" role=\"img\"\/><\/figure><\/div>\n\n\n\n<div class=\"wp-block-uagb-advanced-heading uagb-block-863e9d3c\"><h2 class=\"uagb-heading-text\">Construction Management System<\/h2><\/div>\n\n\n\n<div class=\"wp-block-essential-blocks-slider root-eb-slider-zwn2c\"><div class=\"eb-parent-wrapper eb-parent-eb-slider-zwn2c \"><div class=\"eb-slider-wrapper eb-slider-zwn2c\" data-blockid=\"eb-slider-zwn2c\" data-version=\"v4\" data-settings=\"eyJhcnJvd3MiOnRydWUsImFkYXB0aXZlSGVpZ2h0IjpmYWxzZSwiYXV0b3BsYXkiOnRydWUsImF1dG9wbGF5U3BlZWQiOjYwMDAsImRvdHMiOnRydWUsImZhZGUiOmZhbHNlLCJpbmZpbml0ZSI6dHJ1ZSwicGF1c2VPbkhvdmVyIjpmYWxzZSwic2xpZGVzVG9TaG93IjoxLCJzcGVlZCI6MTAwMCwidmVydGljYWwiOmZhbHNlLCJjdXJyZW50U2xpZGUiOjAsInJ0bCI6ZmFsc2UsInJlc3BvbnNpdmUiOlt7ImJyZWFrcG9pbnQiOjEwMjUsInNldHRpbmdzIjp7InNsaWRlc1RvU2hvdyI6MX19LHsiYnJlYWtwb2ludCI6NzY3LCJzZXR0aW5ncyI6eyJzbGlkZXNUb1Nob3ciOjF9fV19\" data-arrownexticon=\"fas fa-arrow-alt-circle-right\" data-arrowprevicon=\"fas fa-arrow-alt-circle-left\" data-lightbox=\"false\"><div class=\"eb-slider-init eb-slider-type-image\"><div class=\"eb-slider-item content-1\" data-src=\"https:\/\/www.aetsoft.com\/wp-content\/uploads\/2024\/06\/slider_02.png\"><div><a href=\"https:\/\/www.aetsoft.com\/wp-content\/uploads\/2024\/06\/slider_03.png\" target=\"_blank\" rel=\"noopener\"><img class=\"eb-slider-image\" data-lazy=\"https:\/\/www.aetsoft.com\/wp-content\/uploads\/2024\/06\/slider_02.png\"\/><\/a><\/div><\/div><div class=\"eb-slider-item content-1\" data-src=\"https:\/\/www.aetsoft.com\/wp-content\/uploads\/2024\/06\/slider_03.png\"><div><a href=\"https:\/\/www.aetsoft.com\/wp-content\/uploads\/2024\/06\/slider_03.png\" target=\"_blank\" rel=\"noopener\"><img class=\"eb-slider-image\" data-lazy=\"https:\/\/www.aetsoft.com\/wp-content\/uploads\/2024\/06\/slider_03.png\"\/><\/a><\/div><\/div><div class=\"eb-slider-item content-1\" data-src=\"https:\/\/www.aetsoft.com\/wp-content\/uploads\/2024\/06\/slider_04.png\"><div><a href=\"https:\/\/www.aetsoft.com\/wp-content\/uploads\/2024\/06\/slider_04.png\" target=\"_blank\" rel=\"noopener\"><img class=\"eb-slider-image\" data-lazy=\"https:\/\/www.aetsoft.com\/wp-content\/uploads\/2024\/06\/slider_04.png\"\/><\/a><\/div><\/div><div class=\"eb-slider-item content-1\" data-src=\"https:\/\/www.aetsoft.com\/wp-content\/uploads\/2024\/06\/slider_05.png\"><div><a href=\"https:\/\/www.aetsoft.com\/wp-content\/uploads\/2024\/06\/slider_05.png\" target=\"_blank\" rel=\"noopener\"><img class=\"eb-slider-image\" data-lazy=\"https:\/\/www.aetsoft.com\/wp-content\/uploads\/2024\/06\/slider_05.png\"\/><\/a><\/div><\/div><div class=\"eb-slider-item content-1\" data-src=\"https:\/\/www.aetsoft.com\/wp-content\/uploads\/2024\/06\/slider_06.png\"><div><a href=\"https:\/\/www.aetsoft.com\/wp-content\/uploads\/2024\/06\/slider_06.png\" target=\"_blank\" rel=\"noopener\"><img class=\"eb-slider-image\" data-lazy=\"https:\/\/www.aetsoft.com\/wp-content\/uploads\/2024\/06\/slider_06.png\"\/><\/a><\/div><\/div><\/div><\/div><\/div><\/div>\n<\/div><\/div>\n\n\n\n<div class=\"wp-block-uagb-container uagb-block-5a9ca893 alignfull uagb-is-root-container\"><div class=\"uagb-container-inner-blocks-wrap\">\n<div class=\"wp-block-uagb-container uagb-block-65b3af40\">\n<div class=\"wp-block-uagb-advanced-heading uagb-block-f41582e2\"><h2 class=\"uagb-heading-text\">Meet your new assistant: <\/h2><\/div>\n<\/div>\n\n\n\n<div class=\"wp-block-uagb-container uagb-block-a68b7546 alignfull uagb-is-root-container\">\n<div class=\"wp-block-uagb-container uagb-block-ff623a10\">\n<div class=\"wp-block-uagb-image uagb-block-b654844f wp-block-uagb-image--layout-default wp-block-uagb-image--effect-static wp-block-uagb-image--align-none\"><figure class=\"wp-block-uagb-image__figure\"><img decoding=\"async\" srcset=\"https:\/\/www.aetsoft.com\/wp-content\/uploads\/2024\/05\/technology-4256272_1280-1.jpg ,https:\/\/www.aetsoft.com\/wp-content\/uploads\/2024\/05\/technology-4256272_1280-1.jpg 780w, https:\/\/www.aetsoft.com\/wp-content\/uploads\/2024\/05\/technology-4256272_1280-1.jpg 360w\" sizes=\"auto, (max-width: 480px) 150px\" src=\"https:\/\/www.aetsoft.com\/wp-content\/uploads\/2024\/05\/technology-4256272_1280-1.jpg\" alt=\"\" class=\"uag-image-602\" width=\"1280\" height=\"854\" title=\"technology-4256272_1280\" loading=\"lazy\" role=\"img\"\/><\/figure><\/div>\n<\/div>\n\n\n\n<div class=\"wp-block-uagb-container uagb-block-189bfbbd\">\n<div class=\"wp-block-uagb-info-box uagb-block-87795900 uagb-infobox__content-wrap  uagb-infobox-icon-above-title uagb-infobox-image-valign-top\"><div class=\"uagb-ifb-content\"><div class=\"uagb-ifb-title-wrap\"><\/div><p class=\"uagb-ifb-desc\">With 25 years of experience in software development and large scale construction projects, we created EPCTOOLS to be your most reliable assistant for Engineering, Procurement, and Construction (EPC) projects. <br><br>EPCTOOLS is a multi-discipline Construction Management System (CMS), with a built-in Artificial Intelligence (AI) Engine. This engine continuously monitors the progress of your construction projects from several perspectives such as productivity, resource management, quality control and schedule requirements, and warns you if the system detects any anomalies, or risk of failure. Besides, EPCTOOLS helps you to take immediate action against any unexpected situations such as pandemic, unfavorable weather conditions, supply chain disruptions, unforeseen maintenance requirements etc.<br><br>EPCTOOLS data entry and update interfaces are designed to be as user-friendly as possible. The system allows to upload data using the most common file formats in use, such as csv, xls, xlsx, txt etc. This saves precious time of engineers and data operators while using the system.<\/p><\/div><\/div>\n<\/div>\n<\/div>\n<\/div><\/div>\n\n\n\n<div class=\"wp-block-uagb-container uagb-block-8131dc02 alignfull uagb-is-root-container\"><div class=\"uagb-container-inner-blocks-wrap\">\n<div class=\"wp-block-uagb-advanced-heading uagb-block-3b06a817\"><h2 class=\"uagb-heading-text\">Trusted by Professionals<\/h2><\/div>\n\n\n\n<div class=\"wp-block-uagb-container uagb-block-34aa7af4 alignfull uagb-is-root-container\">\n<div class=\"wp-block-uagb-container uagb-block-4c7e6054\">\n<div class=\"wp-block-uagb-testimonial uagb-slick-carousel uagb-tm__arrow-outside uagb-block-580932a5 uagb-post__carousel_notset uagb-post__carousel_notset-tablet uagb-post__carousel_notset-mobile\"><div class=\"is-carousel uagb-tm__columns-1 uagb-tm__items\"><div class=\"uagb-testimonial__wrap  uagb-tm__imgicon-style-circle uagb-tm__image-position-bottom uagb-tm__bg-type-none \"><div class=\"uagb-tm__content\"><div class=\"uagb-tm__overlay\"><\/div><div class=\"uagb-tm__text-wrap\"><div class=\"uagb-tm__desc\">We are using EPCTOOLS for our structural prefabrication works in Baku, Azerbaijan. EPCTOOLS provides complete control over every stage of prefabrication, effectively solving challenges we had previously struggled with. Its clean, intuitive interface is easy for teams to learn, allowing us to increase productivity and achieve consistent results from day one.<\/div><div class=\"uagb-tm__meta-inner\"><div class=\"uagb-tm__image-content\"><div class=\"uagb-tm__image\"><img decoding=\"async\" class=\"uagb-tm-img-src\" src=\"https:\/\/www.aetsoft.com\/wp-content\/uploads\/2025\/12\/rais-150x150.jpg\" alt=\"\" width=\"60\" height=\"60\" loading=\"lazy\"\/><\/div><\/div><div class=\"uagb-testimonial-details\"><span class=\"uagb-tm__author-name\">Rais HAMIDOV<br>SDC Project<br>CNC Engineer<\/span><span class=\"uagb-tm__company\">AZFEN MMC<\/span><\/div><\/div><\/div><\/div><\/div><\/div><\/div>\n<\/div>\n\n\n\n<div class=\"wp-block-uagb-container uagb-block-4612f308\">\n<div class=\"wp-block-uagb-testimonial uagb-slick-carousel uagb-tm__arrow-outside uagb-block-02c44986 uagb-post__carousel_notset uagb-post__carousel_notset-tablet uagb-post__carousel_notset-mobile\"><div class=\"is-carousel uagb-tm__columns-1 uagb-tm__items\"><div class=\"uagb-testimonial__wrap  uagb-tm__imgicon-style-circle uagb-tm__image-position-bottom uagb-tm__bg-type-none \"><div class=\"uagb-tm__content\"><div class=\"uagb-tm__overlay\"><\/div><div class=\"uagb-tm__text-wrap\"><div class=\"uagb-tm__desc\">I worked as a Structural Fabrication Supervisor for COP and SD2 Oil\/Gas platform projects in Baku, Azerbaijan. We used &#8220;EASYFAB&#8221;, a software created by the founder of AETSOFT, for Structural Fabrication works. We felt at home while using EASYFAB, and it helped us to coordinate all structural fabrication activities with ease.<\/div><div class=\"uagb-tm__meta-inner\"><div class=\"uagb-tm__image-content\"><div class=\"uagb-tm__image\"><img decoding=\"async\" class=\"uagb-tm-img-src\" src=\"https:\/\/www.aetsoft.com\/wp-content\/uploads\/2024\/05\/1898150_736786189674553_1613307885_n-150x150.jpg\" alt=\"\" width=\"60\" height=\"60\" loading=\"lazy\"\/><\/div><\/div><div class=\"uagb-testimonial-details\"><span class=\"uagb-tm__author-name\">\u00d6nder TANRIKULU<br>COP\/SD2 Project<br>Struct. Supervisor\u200b<\/span><span class=\"uagb-tm__company\">TEKFEN CONSTRUCTION<\/span><\/div><\/div><\/div><\/div><\/div><\/div><\/div>\n<\/div>\n\n\n\n<div class=\"wp-block-uagb-container uagb-block-6626caa9\">\n<div class=\"wp-block-uagb-testimonial uagb-slick-carousel uagb-tm__arrow-outside uagb-block-0025acc3 uagb-post__carousel_notset uagb-post__carousel_notset-tablet uagb-post__carousel_notset-mobile\"><div class=\"is-carousel uagb-tm__columns-1 uagb-tm__items\"><div class=\"uagb-testimonial__wrap  uagb-tm__imgicon-style-circle uagb-tm__image-position-bottom uagb-tm__bg-type-none \"><div class=\"uagb-tm__content\"><div class=\"uagb-tm__overlay\"><\/div><div class=\"uagb-tm__text-wrap\"><div class=\"uagb-tm__desc\">We worked with the founder of AETSOFT for 2 Oil\/Gas platform projects in Baku\/AZERBAIJAN. He is an experienced software developer and database administrator. We used &#8220;EASYFAB Structural Module&#8221; extensively to check fabrication and erection progress of the drawings we issued by the Engineering team.<\/div><div class=\"uagb-tm__meta-inner\"><div class=\"uagb-tm__image-content\"><div class=\"uagb-tm__image\"><img decoding=\"async\" class=\"uagb-tm-img-src\" src=\"https:\/\/www.aetsoft.com\/wp-content\/uploads\/2024\/06\/sertac_ozturk-150x150.jpg\" alt=\"\" width=\"60\" height=\"60\" loading=\"lazy\"\/><\/div><\/div><div class=\"uagb-testimonial-details\"><span class=\"uagb-tm__author-name\">Serta\u00e7 \u00d6ZT\u00dcRK<br>SD2\/ACE Project<br>Structural Eng. Lead\u200b<\/span><span class=\"uagb-tm__company\">TEKFEN ENGINERING<\/span><\/div><\/div><\/div><\/div><\/div><\/div><\/div>\n<\/div>\n\n\n\n<div class=\"wp-block-uagb-container uagb-block-b032a39b\">\n<div class=\"wp-block-uagb-testimonial uagb-slick-carousel uagb-tm__arrow-outside uagb-block-c4e1bfca uagb-post__carousel_notset uagb-post__carousel_notset-tablet uagb-post__carousel_notset-mobile\"><div class=\"is-carousel uagb-tm__columns-1 uagb-tm__items\"><div class=\"uagb-testimonial__wrap  uagb-tm__imgicon-style-circle uagb-tm__image-position-bottom uagb-tm__bg-type-none \"><div class=\"uagb-tm__content\"><div class=\"uagb-tm__overlay\"><\/div><div class=\"uagb-tm__text-wrap\"><div class=\"uagb-tm__desc\">We extensively used EASYFAB Cabling module for keeping track of all cabling works for 3 consecutive Oil\/Gas platform projects in Baku, Azerbaijan (COP, SD2, ACE Platforms). We could monitor our cabling progress real-time and manage our resources effectively, thanks to  the software created by the founder of AETSOFT.<\/div><div class=\"uagb-tm__meta-inner\"><div class=\"uagb-tm__image-content\"><div class=\"uagb-tm__image\"><img decoding=\"async\" class=\"uagb-tm-img-src\" src=\"https:\/\/www.aetsoft.com\/wp-content\/uploads\/2024\/05\/5d45be7f-150x150.jpg\" alt=\"\" width=\"60\" height=\"60\" loading=\"lazy\"\/><\/div><\/div><div class=\"uagb-testimonial-details\"><span class=\"uagb-tm__author-name\">Mete ARSLANO\u011eLU<br>COP\/SD2\/ACE<br>Elec. Superintendent<\/span><span class=\"uagb-tm__company\">TEKFEN CONSTRUCTION<\/span><\/div><\/div><\/div><\/div><\/div><\/div><\/div>\n<\/div>\n<\/div>\n\n\n\n<div class=\"wp-block-uagb-container uag-hide-desktop uag-hide-tab uag-hide-mob uagb-block-a105a6e9 alignfull uagb-is-root-container\"><div class=\"uagb-container-inner-blocks-wrap\">\n<div class=\"wp-block-uagb-container uagb-block-9b8e5854\">\n<div class=\"wp-block-uagb-image uagb-block-de2365b4 wp-block-uagb-image--layout-default wp-block-uagb-image--effect-static wp-block-uagb-image--align-none\"><figure class=\"wp-block-uagb-image__figure\"><img decoding=\"async\" srcset=\"https:\/\/www.aetsoft.com\/wp-content\/uploads\/2021\/05\/logo-4.svg ,https:\/\/www.aetsoft.com\/wp-content\/uploads\/2021\/05\/logo-4.svg 780w\" sizes=\"auto, (max-width: 480px) 150px\" src=\"https:\/\/www.aetsoft.com\/wp-content\/uploads\/2021\/05\/logo-4.svg\" alt=\"\" class=\"uag-image-107\" width=\"180\" height=\"100\" title=\"\" loading=\"lazy\" role=\"img\"\/><\/figure><\/div>\n<\/div>\n\n\n\n<div class=\"wp-block-uagb-container uagb-block-515aa9ee\">\n<div class=\"wp-block-uagb-image uagb-block-a020b097 wp-block-uagb-image--layout-default wp-block-uagb-image--effect-static wp-block-uagb-image--align-none\"><figure class=\"wp-block-uagb-image__figure\"><img decoding=\"async\" srcset=\"https:\/\/www.aetsoft.com\/wp-content\/uploads\/2021\/05\/logo-5.svg \" sizes=\"auto, (max-width: 480px) 150px\" src=\"https:\/\/www.aetsoft.com\/wp-content\/uploads\/2021\/05\/logo-5.svg\" alt=\"\" class=\"uag-image-108\" width=\"180\" height=\"100\" title=\"\" loading=\"lazy\" role=\"img\"\/><\/figure><\/div>\n<\/div>\n\n\n\n<div class=\"wp-block-uagb-container uagb-block-f766ef53\">\n<div class=\"wp-block-uagb-image uagb-block-6071bc91 wp-block-uagb-image--layout-default wp-block-uagb-image--effect-static wp-block-uagb-image--align-none\"><figure class=\"wp-block-uagb-image__figure\"><img decoding=\"async\" srcset=\"https:\/\/www.aetsoft.com\/wp-content\/uploads\/2021\/05\/logo-3.svg \" sizes=\"auto, (max-width: 480px) 150px\" src=\"https:\/\/www.aetsoft.com\/wp-content\/uploads\/2021\/05\/logo-3.svg\" alt=\"\" class=\"uag-image-106\" width=\"180\" height=\"100\" title=\"\" loading=\"lazy\" role=\"img\"\/><\/figure><\/div>\n<\/div>\n\n\n\n<div class=\"wp-block-uagb-container uagb-block-9557d537\">\n<div class=\"wp-block-uagb-image uagb-block-d53e12e8 wp-block-uagb-image--layout-default wp-block-uagb-image--effect-static wp-block-uagb-image--align-none\"><figure class=\"wp-block-uagb-image__figure\"><img decoding=\"async\" srcset=\"https:\/\/www.aetsoft.com\/wp-content\/uploads\/2021\/05\/logo-1.svg \" sizes=\"auto, (max-width: 480px) 150px\" src=\"https:\/\/www.aetsoft.com\/wp-content\/uploads\/2021\/05\/logo-1.svg\" alt=\"\" class=\"uag-image-104\" width=\"180\" height=\"100\" title=\"\" loading=\"lazy\" role=\"img\"\/><\/figure><\/div>\n<\/div>\n<\/div><\/div>\n<\/div><\/div>\n","protected":false},"excerpt":{"rendered":"<p>Take Control of Your Construction Projects: Construction Management System Meet your new assistant: Trusted by Professionals<\/p>\n","protected":false},"author":1,"featured_media":0,"parent":0,"menu_order":0,"comment_status":"closed","ping_status":"closed","template":"","meta":{"_eb_attr":"","_uag_custom_page_level_css":"","site-sidebar-layout":"no-sidebar","site-content-layout":"plain-container","ast-site-content-layout":"normal-width-container","site-content-style":"unboxed","site-sidebar-style":"unboxed","ast-global-header-display":"","ast-banner-title-visibility":"","ast-main-header-display":"","ast-hfb-above-header-display":"","ast-hfb-below-header-display":"","ast-hfb-mobile-header-display":"","site-post-title":"disabled","ast-breadcrumbs-content":"","ast-featured-img":"","footer-sml-layout":"","ast-disable-related-posts":"","theme-transparent-header-meta":"default","adv-header-id-meta":"","stick-header-meta":"","header-above-stick-meta":"","header-main-stick-meta":"","header-below-stick-meta":"","astra-migrate-meta-layouts":"set","ast-page-background-enabled":"default","ast-page-background-meta":{"desktop":{"background-color":"var(--ast-global-color-4)","background-image":"","background-repeat":"repeat","background-position":"center center","background-size":"auto","background-attachment":"scroll","background-type":"","background-media":"","overlay-type":"","overlay-color":"","overlay-opacity":"","overlay-gradient":""},"tablet":{"background-color":"","background-image":"","background-repeat":"repeat","background-position":"center center","background-size":"auto","background-attachment":"scroll","background-type":"","background-media":"","overlay-type":"","overlay-color":"","overlay-opacity":"","overlay-gradient":""},"mobile":{"background-color":"","background-image":"","background-repeat":"repeat","background-position":"center center","background-size":"auto","background-attachment":"scroll","background-type":"","background-media":"","overlay-type":"","overlay-color":"","overlay-opacity":"","overlay-gradient":""}},"ast-content-background-meta":{"desktop":{"background-color":"var(--ast-global-color-5)","background-image":"","background-repeat":"repeat","background-position":"center center","background-size":"auto","background-attachment":"scroll","background-type":"","background-media":"","overlay-type":"","overlay-color":"","overlay-opacity":"","overlay-gradient":""},"tablet":{"background-color":"var(--ast-global-color-5)","background-image":"","background-repeat":"repeat","background-position":"center center","background-size":"auto","background-attachment":"scroll","background-type":"","background-media":"","overlay-type":"","overlay-color":"","overlay-opacity":"","overlay-gradient":""},"mobile":{"background-color":"var(--ast-global-color-5)","background-image":"","background-repeat":"repeat","background-position":"center center","background-size":"auto","background-attachment":"scroll","background-type":"","background-media":"","overlay-type":"","overlay-color":"","overlay-opacity":"","overlay-gradient":""}},"footnotes":""},"class_list":["post-429","page","type-page","status-publish","hentry"],"uagb_featured_image_src":{"full":false,"thumbnail":false,"medium":false,"medium_large":false,"large":false,"1536x1536":false,"2048x2048":false},"uagb_author_info":{"display_name":"turkerali","author_link":"https:\/\/www.aetsoft.com\/?author=1"},"uagb_comment_info":0,"uagb_excerpt":"Take Control of Your Construction Projects: Construction Management System Meet your new assistant: Trusted by Professionals","_links":{"self":[{"href":"https:\/\/www.aetsoft.com\/index.php?rest_route=\/wp\/v2\/pages\/429","targetHints":{"allow":["GET"]}}],"collection":[{"href":"https:\/\/www.aetsoft.com\/index.php?rest_route=\/wp\/v2\/pages"}],"about":[{"href":"https:\/\/www.aetsoft.com\/index.php?rest_route=\/wp\/v2\/types\/page"}],"author":[{"embeddable":true,"href":"https:\/\/www.aetsoft.com\/index.php?rest_route=\/wp\/v2\/users\/1"}],"replies":[{"embeddable":true,"href":"https:\/\/www.aetsoft.com\/index.php?rest_route=%2Fwp%2Fv2%2Fcomments&post=429"}],"version-history":[{"count":239,"href":"https:\/\/www.aetsoft.com\/index.php?rest_route=\/wp\/v2\/pages\/429\/revisions"}],"predecessor-version":[{"id":1005,"href":"https:\/\/www.aetsoft.com\/index.php?rest_route=\/wp\/v2\/pages\/429\/revisions\/1005"}],"wp:attachment":[{"href":"https:\/\/www.aetsoft.com\/index.php?rest_route=%2Fwp%2Fv2%2Fmedia&parent=429"}],"curies":[{"name":"wp","href":"https:\/\/api.w.org\/{rel}","templated":true}]}}